{"id":63,"date":"2024-12-17T18:28:20","date_gmt":"2024-12-17T17:28:20","guid":{"rendered":"https:\/\/josefnemec.cz\/blog\/?page_id=63"},"modified":"2025-01-13T22:18:39","modified_gmt":"2025-01-13T21:18:39","slug":"kontakt","status":"publish","type":"page","link":"https:\/\/josefnemec.cz\/blog\/kontakt\/","title":{"rendered":"Kontakt"},"content":{"rendered":"\n<p class=\"has-text-align-left\"><\/p>\n\n\n\n<div class=\"wp-block-columns is-layout-flex wp-container-core-columns-is-layout-9d6595d7 wp-block-columns-is-layout-flex\">\n<div class=\"wp-block-column is-layout-flow wp-block-column-is-layout-flow\" style=\"flex-basis:33.33%\">\n<p><strong>Email: <a href=\"mailto:me@josefnemec.cz\">me@josefnemec.cz<\/a><br>Web: <a href=\"https:\/\/josefnemec.cz\">https:\/\/josefnemec.cz<\/a><br>Telefon: <a href=\"tel:420775172639\">+420 775 172 639<\/a><\/strong><\/p>\n<\/div>\n\n\n\n<div class=\"wp-block-column is-layout-flow wp-block-column-is-layout-flow\" style=\"flex-basis:66.66%\">\n<figure class=\"wp-block-image size-large is-resized\"><img data-recalc-dims=\"1\" loading=\"lazy\" decoding=\"async\" width=\"576\" height=\"1024\" data-attachment-id=\"24\" data-permalink=\"https:\/\/josefnemec.cz\/blog\/img_20231016_175436915\/\" data-orig-file=\"https:\/\/i0.wp.com\/josefnemec.cz\/blog\/wp-content\/uploads\/2024\/12\/IMG_20231016_175436915-scaled.jpg?fit=1439%2C2560&amp;ssl=1\" data-orig-size=\"1439,2560\" data-comments-opened=\"1\" data-image-meta=\"{&quot;aperture&quot;:&quot;2.45&quot;,&quot;credit&quot;:&quot;&quot;,&quot;camera&quot;:&quot;moto g72&quot;,&quot;caption&quot;:&quot;&quot;,&quot;created_timestamp&quot;:&quot;1697478877&quot;,&quot;copyright&quot;:&quot;&quot;,&quot;focal_length&quot;:&quot;3.27&quot;,&quot;iso&quot;:&quot;216&quot;,&quot;shutter_speed&quot;:&quot;0.010002&quot;,&quot;title&quot;:&quot;&quot;,&quot;orientation&quot;:&quot;1&quot;}\" data-image-title=\"IMG_20231016_175436915\" data-image-description=\"\" data-image-caption=\"\" data-medium-file=\"https:\/\/i0.wp.com\/josefnemec.cz\/blog\/wp-content\/uploads\/2024\/12\/IMG_20231016_175436915-scaled.jpg?fit=169%2C300&amp;ssl=1\" data-large-file=\"https:\/\/i0.wp.com\/josefnemec.cz\/blog\/wp-content\/uploads\/2024\/12\/IMG_20231016_175436915-scaled.jpg?fit=576%2C1024&amp;ssl=1\" src=\"https:\/\/i0.wp.com\/josefnemec.cz\/blog\/wp-content\/uploads\/2024\/12\/IMG_20231016_175436915.jpg?resize=576%2C1024&#038;ssl=1\" alt=\"\" class=\"wp-image-24\" style=\"width:225px;height:auto\" srcset=\"https:\/\/i0.wp.com\/josefnemec.cz\/blog\/wp-content\/uploads\/2024\/12\/IMG_20231016_175436915-scaled.jpg?resize=576%2C1024&amp;ssl=1 576w, https:\/\/i0.wp.com\/josefnemec.cz\/blog\/wp-content\/uploads\/2024\/12\/IMG_20231016_175436915-scaled.jpg?resize=169%2C300&amp;ssl=1 169w, https:\/\/i0.wp.com\/josefnemec.cz\/blog\/wp-content\/uploads\/2024\/12\/IMG_20231016_175436915-scaled.jpg?resize=768%2C1366&amp;ssl=1 768w, https:\/\/i0.wp.com\/josefnemec.cz\/blog\/wp-content\/uploads\/2024\/12\/IMG_20231016_175436915-scaled.jpg?resize=863%2C1536&amp;ssl=1 863w, https:\/\/i0.wp.com\/josefnemec.cz\/blog\/wp-content\/uploads\/2024\/12\/IMG_20231016_175436915-scaled.jpg?resize=1151%2C2048&amp;ssl=1 1151w, https:\/\/i0.wp.com\/josefnemec.cz\/blog\/wp-content\/uploads\/2024\/12\/IMG_20231016_175436915-scaled.jpg?w=1439&amp;ssl=1 1439w\" sizes=\"auto, (max-width: 576px) 100vw, 576px\" \/><\/figure>\n<\/div>\n<\/div>\n\n\n\n<div class=\"wp-block-contact-form-7-contact-form-selector\">\n<div class=\"wpcf7 no-js\" id=\"wpcf7-f200-o1\" lang=\"cs-CZ\" dir=\"ltr\" data-wpcf7-id=\"200\">\n<div class=\"screen-reader-response\"><p role=\"status\" aria-live=\"polite\" aria-atomic=\"true\"><\/p> <ul><\/ul><\/div>\n<form action=\"\/blog\/wp-json\/wp\/v2\/pages\/63#wpcf7-f200-o1\" method=\"post\" class=\"wpcf7-form init\" aria-label=\"Kontaktn\u00ed formul\u00e1\u0159\" novalidate=\"novalidate\" data-status=\"init\">\n<div style=\"display: none;\">\n<input type=\"hidden\" name=\"_wpcf7\" value=\"200\" \/>\n<input type=\"hidden\" name=\"_wpcf7_version\" value=\"6.0.6\" \/>\n<input type=\"hidden\" name=\"_wpcf7_locale\" value=\"cs_CZ\" \/>\n<input type=\"hidden\" name=\"_wpcf7_unit_tag\" value=\"wpcf7-f200-o1\" \/>\n<input type=\"hidden\" name=\"_wpcf7_container_post\" value=\"0\" \/>\n<input type=\"hidden\" name=\"_wpcf7_posted_data_hash\" value=\"\" \/>\n<\/div>\n<p><label> Va\u0161e jm\u00e9no<br \/>\n<span class=\"wpcf7-form-control-wrap\" data-name=\"your-name\"><input size=\"40\" maxlength=\"400\" class=\"wpcf7-form-control wpcf7-text wpcf7-validates-as-required\" autocomplete=\"name\" aria-required=\"true\" aria-invalid=\"false\" value=\"\" type=\"text\" name=\"your-name\" \/><\/span> <\/label>\n<\/p>\n<p><label> V\u00e1\u0161 e-mail<br \/>\n<span class=\"wpcf7-form-control-wrap\" data-name=\"your-email\"><input size=\"40\" maxlength=\"400\" class=\"wpcf7-form-control wpcf7-email wpcf7-validates-as-required wpcf7-text wpcf7-validates-as-email\" autocomplete=\"email\" aria-required=\"true\" aria-invalid=\"false\" value=\"\" type=\"email\" name=\"your-email\" \/><\/span> <\/label>\n<\/p>\n<p><label> P\u0159edm\u011bt<br \/>\n<span class=\"wpcf7-form-control-wrap\" data-name=\"your-subject\"><input size=\"40\" maxlength=\"400\" class=\"wpcf7-form-control wpcf7-text wpcf7-validates-as-required\" aria-required=\"true\" aria-invalid=\"false\" value=\"\" type=\"text\" name=\"your-subject\" \/><\/span> <\/label>\n<\/p>\n<p><label> Va\u0161e zpr\u00e1va (voliteln\u00fd)<br \/>\n<span class=\"wpcf7-form-control-wrap\" data-name=\"your-message\"><textarea cols=\"40\" rows=\"10\" maxlength=\"2000\" class=\"wpcf7-form-control wpcf7-textarea\" aria-invalid=\"false\" name=\"your-message\"><\/textarea><\/span> <\/label>\n<\/p>\n<p><input class=\"wpcf7-form-control wpcf7-submit has-spinner\" type=\"submit\" value=\"Odeslat\" \/>\n<\/p><div class=\"wpcf7-response-output\" aria-hidden=\"true\"><\/div>\n<\/form>\n<\/div>\n<\/div>\n","protected":false},"excerpt":{"rendered":"<p>Email: me@josefnemec.czWeb: https:\/\/josefnemec.czTelefon: +420 775 172 639<\/p>\n","protected":false},"author":1,"featured_media":24,"parent":0,"menu_order":0,"comment_status":"closed","ping_status":"closed","template":"","meta":{"advanced_seo_description":"","jetpack_seo_html_title":"","jetpack_seo_noindex":false,"footnotes":""},"class_list":["post-63","page","type-page","status-publish","has-post-thumbnail","hentry"],"jetpack_sharing_enabled":true,"jetpack-related-posts":[],"_links":{"self":[{"href":"https:\/\/josefnemec.cz\/blog\/wp-json\/wp\/v2\/pages\/63","targetHints":{"allow":["GET"]}}],"collection":[{"href":"https:\/\/josefnemec.cz\/blog\/wp-json\/wp\/v2\/pages"}],"about":[{"href":"https:\/\/josefnemec.cz\/blog\/wp-json\/wp\/v2\/types\/page"}],"author":[{"embeddable":true,"href":"https:\/\/josefnemec.cz\/blog\/wp-json\/wp\/v2\/users\/1"}],"replies":[{"embeddable":true,"href":"https:\/\/josefnemec.cz\/blog\/wp-json\/wp\/v2\/comments?post=63"}],"version-history":[{"count":5,"href":"https:\/\/josefnemec.cz\/blog\/wp-json\/wp\/v2\/pages\/63\/revisions"}],"predecessor-version":[{"id":203,"href":"https:\/\/josefnemec.cz\/blog\/wp-json\/wp\/v2\/pages\/63\/revisions\/203"}],"wp:featuredmedia":[{"embeddable":true,"href":"https:\/\/josefnemec.cz\/blog\/wp-json\/wp\/v2\/media\/24"}],"wp:attachment":[{"href":"https:\/\/josefnemec.cz\/blog\/wp-json\/wp\/v2\/media?parent=63"}],"curies":[{"name":"wp","href":"https:\/\/api.w.org\/{rel}","templated":true}]}}